{"id":31,"date":"2024-01-16T13:29:11","date_gmt":"2024-01-16T13:29:11","guid":{"rendered":"https:\/\/c-pconsultora.com.ar\/index.php\/our-story\/"},"modified":"2024-07-22T16:02:04","modified_gmt":"2024-07-22T16:02:04","slug":"our-story","status":"publish","type":"page","link":"https:\/\/c-pconsultora.com.ar\/index.php\/our-story\/","title":{"rendered":"Quienes somos"},"content":{"rendered":"\t\t<div data-elementor-type=\"wp-page\" data-elementor-id=\"31\" class=\"elementor elementor-31\">\n\t\t\t\t<div class=\"elementor-element elementor-element-a845f84 e-flex e-con-boxed e-con e-parent\" data-id=\"a845f84\" data-element_type=\"container\" data-settings=\"{&quot;background_background&quot;:&quot;classic&quot;,&quot;_ha_eqh_enable&quot;:false}\">\n\t\t\t\t\t<div class=\"e-con-inner\">\n\t\t\t\t<div class=\"elementor-element elementor-element-43a96fe elementor-widget elementor-widget-heading\" data-id=\"43a96fe\" data-element_type=\"widget\" data-widget_type=\"heading.default\">\n\t\t\t\t<div class=\"elementor-widget-container\">\n\t\t\t<style>\/*! elementor - v3.21.0 - 26-05-2024 *\/\n.elementor-heading-title{padding:0;margin:0;line-height:1}.elementor-widget-heading .elementor-heading-title[class*=elementor-size-]>a{color:inherit;font-size:inherit;line-height:inherit}.elementor-widget-heading .elementor-heading-title.elementor-size-small{font-size:15px}.elementor-widget-heading .elementor-heading-title.elementor-size-medium{font-size:19px}.elementor-widget-heading .elementor-heading-title.elementor-size-large{font-size:29px}.elementor-widget-heading .elementor-heading-title.elementor-size-xl{font-size:39px}.elementor-widget-heading .elementor-heading-title.elementor-size-xxl{font-size:59px}<\/style><h2 class=\"elementor-heading-title elementor-size-default\">Quienes Somos<\/h2>\t\t<\/div>\n\t\t\t\t<\/div>\n\t\t\t\t\t<\/div>\n\t\t\t\t<\/div>\n\t\t<div class=\"elementor-element elementor-element-2c7c065 e-flex e-con-boxed e-con e-parent\" data-id=\"2c7c065\" data-element_type=\"container\" data-settings=\"{&quot;_ha_eqh_enable&quot;:false}\">\n\t\t\t\t\t<div class=\"e-con-inner\">\n\t\t\t\t<div class=\"elementor-element elementor-element-33e4250 elementor-widget elementor-widget-text-editor\" data-id=\"33e4250\" data-element_type=\"widget\" data-widget_type=\"text-editor.default\">\n\t\t\t\t<div class=\"elementor-widget-container\">\n\t\t\t<style>\/*! elementor - v3.21.0 - 26-05-2024 *\/\n.elementor-widget-text-editor.elementor-drop-cap-view-stacked .elementor-drop-cap{background-color:#69727d;color:#fff}.elementor-widget-text-editor.elementor-drop-cap-view-framed .elementor-drop-cap{color:#69727d;border:3px solid;background-color:transparent}.elementor-widget-text-editor:not(.elementor-drop-cap-view-default) .elementor-drop-cap{margin-top:8px}.elementor-widget-text-editor:not(.elementor-drop-cap-view-default) .elementor-drop-cap-letter{width:1em;height:1em}.elementor-widget-text-editor .elementor-drop-cap{float:left;text-align:center;line-height:1;font-size:50px}.elementor-widget-text-editor .elementor-drop-cap-letter{display:inline-block}<\/style>\t\t\t\t<p>Nos re\u00fane el placer y la pasi\u00f3n por la discusi\u00f3n econ\u00f3mica y las macrofinanzas. Por ello, impulsamos un proyecto que consolida nuestras trayectorias permiti\u00e9ndonos hacer lo que mejor hacemos y m\u00e1s nos gusta.<\/p><p>Nuestro saber espec\u00edfico combina una amplia experiencia en distintas \u00e1reas de gesti\u00f3n de la pol\u00edtica macroecon\u00f3mica, financiera y laboral. En particular, nuestra <strong><span style=\"color: #ff7678;\">trayectoria en \u00e1reas claves como la programaci\u00f3n <\/span><\/strong><strong><span style=\"color: #ff7678;\">cambiaria, negociaciones salariales y din\u00e1micas de precios<\/span><\/strong> ofrecen una capacidad de an\u00e1lisis diferencial para comprender la econom\u00eda argentina y en particular la actual coyuntura.<\/p><p>Ofrecemos un servicio que conjuga informes macroecon\u00f3micos de periodicidad mensual y semanal, presentaciones y estudios especiales y un canal de di\u00e1logo fluido con nuestros clientes.<\/p>\t\t\t\t\t\t<\/div>\n\t\t\t\t<\/div>\n\t\t\t\t\t<\/div>\n\t\t\t\t<\/div>\n\t\t<div class=\"elementor-element elementor-element-3fdff92 e-flex e-con-boxed e-con e-parent\" data-id=\"3fdff92\" data-element_type=\"container\" data-settings=\"{&quot;background_background&quot;:&quot;classic&quot;,&quot;_ha_eqh_enable&quot;:false}\">\n\t\t\t\t\t<div class=\"e-con-inner\">\n\t\t<div class=\"elementor-element elementor-element-2de54e8 e-con-full e-flex e-con e-child\" data-id=\"2de54e8\" data-element_type=\"container\" data-settings=\"{&quot;_ha_eqh_enable&quot;:false}\">\n\t\t<div class=\"elementor-element elementor-element-6234fbd e-flex e-con-boxed e-con e-child\" data-id=\"6234fbd\" data-element_type=\"container\" data-settings=\"{&quot;_ha_eqh_enable&quot;:false}\">\n\t\t\t\t\t<div class=\"e-con-inner\">\n\t\t<div class=\"elementor-element elementor-element-ff697aa e-con-full e-flex e-con e-child\" data-id=\"ff697aa\" data-element_type=\"container\" data-settings=\"{&quot;_ha_eqh_enable&quot;:false}\">\n\t\t<div class=\"elementor-element elementor-element-c8629ea e-con-full e-flex e-con e-child\" data-id=\"c8629ea\" data-element_type=\"container\" data-settings=\"{&quot;_ha_eqh_enable&quot;:false}\">\n\t\t\t\t<div class=\"elementor-element elementor-element-c5bcbbe elementor-widget__width-initial elementor-view-default elementor-widget elementor-widget-icon\" data-id=\"c5bcbbe\" data-element_type=\"widget\" data-widget_type=\"icon.default\">\n\t\t\t\t<div class=\"elementor-widget-container\">\n\t\t\t\t\t<div class=\"elementor-icon-wrapper\">\n\t\t\t<a class=\"elementor-icon\" href=\"https:\/\/x.com\/fpastra\" target=\"_blank\">\n\t\t\t<svg aria-hidden=\"true\" class=\"e-font-icon-svg e-fab-x-twitter\" viewBox=\"0 0 512 512\" xmlns=\"http:\/\/www.w3.org\/2000\/svg\"><path d=\"M389.2 48h70.6L305.6 224.2 487 464H345L233.7 318.6 106.5 464H35.8L200.7 275.5 26.8 48H172.4L272.9 180.9 389.2 48zM364.4 421.8h39.1L151.1 88h-42L364.4 421.8z\"><\/path><\/svg>\t\t\t<\/a>\n\t\t<\/div>\n\t\t\t\t<\/div>\n\t\t\t\t<\/div>\n\t\t\t\t<\/div>\n\t\t\t\t<\/div>\n\t\t\t\t<div class=\"elementor-element elementor-element-dca8978 elementor-widget elementor-widget-heading\" data-id=\"dca8978\" data-element_type=\"widget\" data-widget_type=\"heading.default\">\n\t\t\t\t<div class=\"elementor-widget-container\">\n\t\t\t<h2 class=\"elementor-heading-title elementor-size-default\">Federico Pastrana<\/h2>\t\t<\/div>\n\t\t\t\t<\/div>\n\t\t\t\t<div class=\"elementor-element elementor-element-943c852 elementor-widget elementor-widget-text-editor\" data-id=\"943c852\" data-element_type=\"widget\" data-widget_type=\"text-editor.default\">\n\t\t\t\t<div class=\"elementor-widget-container\">\n\t\t\t\t\t\t\t<p>Federico Pastrana es experto en macroeconom\u00eda con experiencia en negociaciones paritarias, inflaci\u00f3n, pol\u00edtica de cr\u00e9dito pyme y financiamiento productivo. A lo largo de su carrera ocup\u00f3 importantes cargos en organismos de gesti\u00f3n p\u00fablica y asesor\u00eda econ\u00f3mica, entre los que sobresale su labor en el Ministerio de Trabajo y el ejercicio de la presidencia del Banco BICE. Asimismo, tiene una extensa experiencia docente en temas de macroeconom\u00eda, finanzas y trabajo.<\/p>\t\t\t\t\t\t<\/div>\n\t\t\t\t<\/div>\n\t\t\t\t\t<\/div>\n\t\t\t\t<\/div>\n\t\t\t\t<\/div>\n\t\t<div class=\"elementor-element elementor-element-27f3966 e-con-full e-flex e-con e-child\" data-id=\"27f3966\" data-element_type=\"container\" data-settings=\"{&quot;_ha_eqh_enable&quot;:false}\">\n\t\t<div class=\"elementor-element elementor-element-06971ee e-flex e-con-boxed e-con e-child\" data-id=\"06971ee\" data-element_type=\"container\" data-settings=\"{&quot;_ha_eqh_enable&quot;:false}\">\n\t\t\t\t\t<div class=\"e-con-inner\">\n\t\t<div class=\"elementor-element elementor-element-31d2ff8 e-flex e-con-boxed e-con e-child\" data-id=\"31d2ff8\" data-element_type=\"container\" data-settings=\"{&quot;_ha_eqh_enable&quot;:false}\">\n\t\t\t\t\t<div class=\"e-con-inner\">\n\t\t<div class=\"elementor-element elementor-element-caf9656 e-con-full e-flex e-con e-child\" data-id=\"caf9656\" data-element_type=\"container\" data-settings=\"{&quot;_ha_eqh_enable&quot;:false}\">\n\t\t<div class=\"elementor-element elementor-element-70d3ef1 e-con-full e-flex e-con e-child\" data-id=\"70d3ef1\" data-element_type=\"container\" data-settings=\"{&quot;_ha_eqh_enable&quot;:false}\">\n\t\t\t\t<div class=\"elementor-element elementor-element-3cd305a elementor-widget__width-initial elementor-view-default elementor-widget elementor-widget-icon\" data-id=\"3cd305a\" data-element_type=\"widget\" data-widget_type=\"icon.default\">\n\t\t\t\t<div class=\"elementor-widget-container\">\n\t\t\t\t\t<div class=\"elementor-icon-wrapper\">\n\t\t\t<a class=\"elementor-icon\" href=\"https:\/\/x.com\/pablo_moldo\" target=\"_blank\">\n\t\t\t<svg aria-hidden=\"true\" class=\"e-font-icon-svg e-fab-x-twitter\" viewBox=\"0 0 512 512\" xmlns=\"http:\/\/www.w3.org\/2000\/svg\"><path d=\"M389.2 48h70.6L305.6 224.2 487 464H345L233.7 318.6 106.5 464H35.8L200.7 275.5 26.8 48H172.4L272.9 180.9 389.2 48zM364.4 421.8h39.1L151.1 88h-42L364.4 421.8z\"><\/path><\/svg>\t\t\t<\/a>\n\t\t<\/div>\n\t\t\t\t<\/div>\n\t\t\t\t<\/div>\n\t\t\t\t<div class=\"elementor-element elementor-element-a8776f7 elementor-widget__width-initial elementor-view-default elementor-widget elementor-widget-icon\" data-id=\"a8776f7\" data-element_type=\"widget\" data-widget_type=\"icon.default\">\n\t\t\t\t<div class=\"elementor-widget-container\">\n\t\t\t\t\t<div class=\"elementor-icon-wrapper\">\n\t\t\t<a class=\"elementor-icon\" href=\"https:\/\/ar.linkedin.com\/in\/pablo-moldovan-aa15b8269\" target=\"_blank\">\n\t\t\t<i aria-hidden=\"true\" class=\"icon icon-linkedin\"><\/i>\t\t\t<\/a>\n\t\t<\/div>\n\t\t\t\t<\/div>\n\t\t\t\t<\/div>\n\t\t\t\t<\/div>\n\t\t\t\t<\/div>\n\t\t\t\t<div class=\"elementor-element elementor-element-c8383e0 elementor-widget elementor-widget-heading\" data-id=\"c8383e0\" data-element_type=\"widget\" data-widget_type=\"heading.default\">\n\t\t\t\t<div class=\"elementor-widget-container\">\n\t\t\t<h2 class=\"elementor-heading-title elementor-size-default\">Pablo Moldovan<\/h2>\t\t<\/div>\n\t\t\t\t<\/div>\n\t\t\t\t<div class=\"elementor-element elementor-element-0273c2c elementor-widget elementor-widget-text-editor\" data-id=\"0273c2c\" data-element_type=\"widget\" data-widget_type=\"text-editor.default\">\n\t\t\t\t<div class=\"elementor-widget-container\">\n\t\t\t\t\t\t\t<p>Pablo Moldovan es especialista en finanzas con una trayectoria que lo ubic\u00f3 en posiciones relevantes tanto en la Secretar\u00eda de Pol\u00edtica Econ\u00f3mica como en el Banco Central de la Rep\u00fablica Argentina. En el marco de su especializaci\u00f3n financiera ejerci\u00f3 la Direcci\u00f3n de Pellegrini SGFCI, una de las gestoras de fondos comunes de inversi\u00f3n m\u00e1s importantes del pa\u00eds. Particip\u00f3 y dirigi\u00f3 diversos proyectos de consultor\u00eda tanto en organismos internacionales como nacionales y empresas. En su labor docente se destaca la formaci\u00f3n en posgrado en las \u00e1reas de macroeconom\u00eda, finanzas y evaluaci\u00f3n de proyectos.<\/p>\t\t\t\t\t\t<\/div>\n\t\t\t\t<\/div>\n\t\t\t\t\t<\/div>\n\t\t\t\t<\/div>\n\t\t\t\t\t<\/div>\n\t\t\t\t<\/div>\n\t\t\t\t<\/div>\n\t\t\t\t\t<\/div>\n\t\t\t\t<\/div>\n\t\t\t\t<\/div>\n\t\t","protected":false},"excerpt":{"rendered":"<p>Quienes Somos Nos re\u00fane el placer y la pasi\u00f3n por la discusi\u00f3n econ\u00f3mica y las macrofinanzas. Por ello, impulsamos un proyecto que consolida nuestras trayectorias permiti\u00e9ndonos hacer lo que mejor hacemos y m\u00e1s nos gusta. Nuestro saber espec\u00edfico combina una amplia experiencia en distintas \u00e1reas de gesti\u00f3n de la pol\u00edtica macroecon\u00f3mica, financiera y laboral. En [&hellip;]<\/p>\n","protected":false},"author":1,"featured_media":0,"parent":0,"menu_order":0,"comment_status":"closed","ping_status":"closed","template":"elementor_header_footer","meta":{"footnotes":""},"class_list":["post-31","page","type-page","status-publish","hentry"],"_links":{"self":[{"href":"https:\/\/c-pconsultora.com.ar\/index.php\/wp-json\/wp\/v2\/pages\/31","targetHints":{"allow":["GET"]}}],"collection":[{"href":"https:\/\/c-pconsultora.com.ar\/index.php\/wp-json\/wp\/v2\/pages"}],"about":[{"href":"https:\/\/c-pconsultora.com.ar\/index.php\/wp-json\/wp\/v2\/types\/page"}],"author":[{"embeddable":true,"href":"https:\/\/c-pconsultora.com.ar\/index.php\/wp-json\/wp\/v2\/users\/1"}],"replies":[{"embeddable":true,"href":"https:\/\/c-pconsultora.com.ar\/index.php\/wp-json\/wp\/v2\/comments?post=31"}],"version-history":[{"count":110,"href":"https:\/\/c-pconsultora.com.ar\/index.php\/wp-json\/wp\/v2\/pages\/31\/revisions"}],"predecessor-version":[{"id":1731,"href":"https:\/\/c-pconsultora.com.ar\/index.php\/wp-json\/wp\/v2\/pages\/31\/revisions\/1731"}],"wp:attachment":[{"href":"https:\/\/c-pconsultora.com.ar\/index.php\/wp-json\/wp\/v2\/media?parent=31"}],"curies":[{"name":"wp","href":"https:\/\/api.w.org\/{rel}","templated":true}]}}